{"id":2049,"date":"2024-04-30T11:31:04","date_gmt":"2024-04-30T09:31:04","guid":{"rendered":"https:\/\/malvaux.net\/home\/ueber-uns\/"},"modified":"2024-06-07T10:30:18","modified_gmt":"2024-06-07T08:30:18","slug":"ueber-uns","status":"publish","type":"page","link":"https:\/\/malvaux.net\/de\/home\/ueber-uns\/","title":{"rendered":"\u00dcBER UNS"},"content":{"rendered":"<p>[et_pb_section fb_built=&#8220;1&#8243; admin_label=&#8220;Header&#8220; _builder_version=&#8220;4.25.0&#8243; _module_preset=&#8220;default&#8220; background_color=&#8220;#FFFFFF&#8220; background_enable_image=&#8220;off&#8220; background_blend=&#8220;multiply&#8220; background_color_phone=&#8220;#000000&#8243; background_last_edited=&#8220;off|desktop&#8220; background_enable_color_phone=&#8220;on&#8220; use_background_color_gradient_phone=&#8220;off&#8220; parallax_phone=&#8220;off&#8220; background_size_phone=&#8220;cover&#8220; background_position_phone=&#8220;center&#8220; collapsed=&#8220;on&#8220; global_colors_info=&#8220;{}&#8220;][et_pb_row _builder_version=&#8220;4.25.0&#8243; _module_preset=&#8220;default&#8220; custom_margin_tablet=&#8220;&#8220; custom_margin_phone=&#8220;&#8220; custom_margin_last_edited=&#8220;on|phone&#8220; global_colors_info=&#8220;{}&#8220;][et_pb_column type=&#8220;4_4&#8243; _builder_version=&#8220;4.20.0&#8243; _module_preset=&#8220;default&#8220; global_colors_info=&#8220;{}&#8220;][et_pb_text _builder_version=&#8220;4.25.0&#8243; _module_preset=&#8220;_initial&#8220; text_font=&#8220;&#8211;et_global_body_font||||||||&#8220; header_font=&#8220;&#8211;et_global_heading_font|||on|||||&#8220; header_text_align=&#8220;center&#8220; header_font_size=&#8220;75px&#8220; header_letter_spacing=&#8220;0.2em&#8220; header_line_height=&#8220;1.7em&#8220; text_orientation=&#8220;justified&#8220; min_height=&#8220;79px&#8220; custom_padding=&#8220;50px|||||&#8220; header_font_size_tablet=&#8220;40px&#8220; header_font_size_phone=&#8220;24px&#8220; header_font_size_last_edited=&#8220;on|desktop&#8220; header_line_height_tablet=&#8220;1.7em&#8220; header_line_height_phone=&#8220;1.2em&#8220; header_line_height_last_edited=&#8220;on|phone&#8220; text_orientation_tablet=&#8220;justified&#8220; text_orientation_phone=&#8220;justified&#8220; text_orientation_last_edited=&#8220;on|desktop&#8220; global_colors_info=&#8220;{}&#8220;]<\/p>\n<h1>\u00dcber uns<\/h1>\n<p>[\/et_pb_text][\/et_pb_column][\/et_pb_row][et_pb_row column_structure=&#8220;1_2,1_2&#8243; custom_padding_last_edited=&#8220;on|tablet&#8220; _builder_version=&#8220;4.25.0&#8243; _module_preset=&#8220;default&#8220; background_color=&#8220;rgba(255,217,160,0)&#8220; custom_padding=&#8220;32px|80px|32px|80px|true|true&#8220; custom_padding_tablet=&#8220;40px|40px|40px|40px|true|true&#8220; custom_padding_phone=&#8220;20px|20px|20px|20px|true|true&#8220; global_colors_info=&#8220;{}&#8220;][et_pb_column type=&#8220;1_2&#8243; _builder_version=&#8220;4.20.0&#8243; _module_preset=&#8220;default&#8220; global_colors_info=&#8220;{}&#8220;][et_pb_text _builder_version=&#8220;4.25.0&#8243; _module_preset=&#8220;_initial&#8220; text_font=&#8220;&#8211;et_global_body_font||||||||&#8220; text_text_color=&#8220;#FFFFFF&#8220; text_font_size=&#8220;16px&#8220; text_line_height=&#8220;1.8em&#8220; text_orientation=&#8220;justified&#8220; text_font_tablet=&#8220;&#8211;et_global_body_font||||||||&#8220; text_font_phone=&#8220;&#8211;et_global_body_font||||||||&#8220; text_font_last_edited=&#8220;on|phone&#8220; text_font_size_tablet=&#8220;15px&#8220; text_font_size_phone=&#8220;12px&#8220; text_font_size_last_edited=&#8220;on|tablet&#8220; global_colors_info=&#8220;{}&#8220;]<\/p>\n<p style=\"text-align: left;\"><span style=\"color: #0a0a0a;\"><em>Malvaux<\/em><\/span><\/p>\n<p style=\"text-align: left;\"><span style=\"color: #0a0a0a;\">Malvaux ist der Name des Waldes, der sich am nordwestlichen Hang von der Stadt Biel\/Bienne bis zu den D\u00f6rfern Magglingen und Leubringen erstreckt. Dieser Wald liegt auf einem Teil des Jura-Gebirges und \u00fcberwindet einen H\u00f6henunterschied von 300 Metern. Wir haben uns entschieden, das Zentrum f\u00fcr \u00f6kosomatische Erforschungen so zu nennen, um uns daran zu erinnern, dass es hier in erster Linie um die Begegnung mit der Umgebung des Waldes geht.<\/span><\/p>\n<p style=\"text-align: left;\"><span style=\"color: #0a0a0a;\">Warum scheint es wichtig, Fragen an den Wald zu stellen, in diese Schule des Lebens zu gehen? Wie bewegt sie uns? Welche Praktiken und Erz\u00e4hlungen legt uns der Wald als Partner nahe, im Gegensatz zu st\u00e4dtischen Umgebungen oder Tanzstudios? Was lehrt uns der Wald \u00fcber uns selbst? Was sind seine Geschenke und die Geschenke des Tanzes in den jahreszeitlichen Zyklen? Wir sind hier, wo nichts ohne die \u00dcberschneidung mit Anderem existiert, wo jedes Zentrum ein Zentrum unter anderen Zentren ist, wo kein Name ohne die Verflechtung seiner Zusammenarbeit, seiner Symbiosen und seiner Wettbewerbe Bestand hat. Hier befinden wir uns inmitten der vielf\u00e4ltigen Zeitlichkeiten, inmitten der Myriaden von Wachstum und Verwesung.<\/span><\/p>\n<p style=\"text-align: left;\"><span style=\"color: #0a0a0a;\">Unser Zentrum hat keine W\u00e4nde. Sein Dach ist der Himmel mit Regen, Nebel, Sonnenreflektionen auf dem Laub, Wind und Gestirne. Sein Boden ist ein lebendiger Humus, der sich tief in die Erde erstreckt, voller Ger\u00fcche, rau, weich und scharf. Die B\u00e4ume und die Vegetation umh\u00fcllen uns. Hier erleben Sie eine Entfernung von der Aussicht, dem Balkon, dem Blick auf die Welt wie auf ein Gem\u00e4lde oder eine Kulisse. Wir entfernen uns von den Kenntnissen der Renaissanceperspektive. Es gibt eine Wiederbelebung von pluralistischen, uneinheitlichen, neu erfundenen und gef\u00fchlten Perspektiven. drin sein, dabei sein, gemeinsam in diesem Orchester des <a href=\"http:\/\/vivants.es\/\" style=\"color: #0a0a0a;\">lebendigen<\/a> atmen. Unter Eichh\u00f6rnchen, Buchen, Tannen, M\u00fccken, Kalkstein, K\u00e4fern, Lehm, Efeu, Findlingen, Gr\u00fcnspechten, Rehen, Winden, F\u00fcchsen und Eichen. Neben anderen menschlichen Aktivit\u00e4ten wie Vita-Parcours, Wanderwege, Einsiedelei, Waldschulen, Friedhof, H\u00fctten, Nationalstra\u00dfe, Forstbetrieb. Inmitten unserer Gef\u00fchle, Wahrnehmungen, Vorstellungen, K\u00f6rper und deren Bewegungen, inmitten von Gruppen und Gemeinschaften.  <\/span><\/p>\n<p>[\/et_pb_text][\/et_pb_column][et_pb_column type=&#8220;1_2&#8243; _builder_version=&#8220;4.20.0&#8243; _module_preset=&#8220;default&#8220; global_colors_info=&#8220;{}&#8220;][et_pb_image src=&#8220;https:\/\/malvaux.net\/wp-content\/uploads\/2024\/05\/malvaux-map.png&#8220; title_text=&#8220;malvaux map&#8220; _builder_version=&#8220;4.25.0&#8243; _module_preset=&#8220;default&#8220; global_colors_info=&#8220;{}&#8220;][\/et_pb_image][et_pb_gallery gallery_ids=&#8220;1963,1977,1979&#8243; fullwidth=&#8220;on&#8220; _builder_version=&#8220;4.25.0&#8243; _module_preset=&#8220;default&#8220; global_colors_info=&#8220;{}&#8220;][\/et_pb_gallery][\/et_pb_column][\/et_pb_row][et_pb_row column_structure=&#8220;1_2,1_2&#8243; custom_padding_last_edited=&#8220;on|tablet&#8220; _builder_version=&#8220;4.20.0&#8243; _module_preset=&#8220;default&#8220; background_color=&#8220;#000000&#8243; custom_padding=&#8220;21px|80px|21px|80px|true|true&#8220; custom_padding_tablet=&#8220;40px|40px|40px|40px|true|true&#8220; custom_padding_phone=&#8220;10px|20px|10px|20px|true|true&#8220; global_colors_info=&#8220;{}&#8220;][et_pb_column type=&#8220;1_2&#8243; _builder_version=&#8220;4.20.0&#8243; _module_preset=&#8220;default&#8220; global_colors_info=&#8220;{}&#8220;][et_pb_text _builder_version=&#8220;4.25.0&#8243; _module_preset=&#8220;_initial&#8220; text_text_color=&#8220;#FFFFFF&#8220; text_font_size=&#8220;16px&#8220; text_line_height=&#8220;1.8em&#8220; custom_padding=&#8220;32px|||||&#8220; text_font_size_tablet=&#8220;15px&#8220; text_font_size_phone=&#8220;12px&#8220; text_font_size_last_edited=&#8220;on|desktop&#8220; global_colors_info=&#8220;{}&#8220;]<\/p>\n<p style=\"text-align: left;\"><em>\u00d6kosomatik<\/em><\/p>\n<p style=\"text-align: left;\">Durch die Wahl, unsere Praktiken <em>\u00f6kosomatisch<\/em> zu benennen m\u00f6chten wir zur Entwicklung eines Feldes beitragen, das sich an der Schnittstelle von Kunst, \u00d6kologie und Gesellschaft befindet. Dies ist ein neuer Name, um eine Beziehung zum Leben zu beschreiben, die an sich nicht neu ist, sondern neu geschaffen werden muss, als ob verlorene Wege reaktiviert w\u00fcrden. Es geht in erster Linie um Beziehungen, darum, sich selbst als eingebunden in die Interaktionen und Abh\u00e4ngigkeiten anderer Lebewesen als Menschen zu verstehen. Wir unterst\u00fctzen die Dringlichkeit von verk\u00f6rpertem und situiertem Wissen, f\u00fcr das unsere K\u00f6rper, die in diesen lokalen \u00d6kologien enthalten sind, gleichzeitig Empf\u00e4nger und Kan\u00e4le sind. Wir setzen uns f\u00fcr die Zukunft der Erde ein und verteidigen, f\u00fchlen, leben, schaffen und lieben diese Zugeh\u00f6rigkeit zum System Erde.<\/p>\n<p style=\"text-align: left;\">In  <em>\u00d6kosomatisch. \u00d6kologie aus der Perspektive der Geste denken<\/em>  (2019) Marie Bardet, Joanne Clavel und Isabelle Ginot definieren das Feld der \u00d6kosomatik als &#8222;ein Feld von Studien und Praktiken, in dem die Ablehnung jeglicher Trennung zwischen dem K\u00f6rper und seinen Anderen und das F\u00fchlen des Selbst als Medium f\u00fcr andere Lebende, deren Anwesenheit unser eigenes Leben erm\u00f6glicht, im Mittelpunkt stehen&#8220;. Sie definieren vier Herausforderungen f\u00fcr diese Praktiken: Die F\u00e4higkeit, sowohl theoretisches als auch Erfahrungswissen zu generieren, &#8222;das den K\u00f6rper als unteilbare Einheit von physischer, sensibler und mentaler K\u00f6rperlichkeit denkt, die untrennbar mit ihren Umgebungen verbunden ist&#8220;; &#8222;sich verbieten, Umweltfragen von sozialen und politischen Fragen zu trennen&#8220;; und schlie\u00dflich die Arbeit der Choreographie als einen Prozess der Emanzipation und des praktischen Handelns in Bezug auf die Art und Weise, wie die Welt ist und gemacht wird, zu betrachten. Die \u00d6kosomatik hat das Ziel, &#8222;die k\u00f6rperliche Subjektivit\u00e4t wieder in die Kontinuit\u00e4t ihrer Beziehungen zum Lebenden einzuschreiben&#8220;. Die Reihe an Disziplinen, die am Ende des 19. Jahrhunderts im Westen entstanden sind (Alexander, Feldenkrais, Eutonie, Rolfing, Entspannung, holistische Gymnastik, Body-Mind Centering, Wahrnehmungsp\u00e4dagogik), stellen die philosophischen Dichotomien in Frage, die die Moderne im Westen begr\u00fcndeten, wie die Aufteilung in K\u00f6rper und Geist oder auch das &#8222;naturalistische&#8220; Denken, das Natur und Kultur unterteilt, um das Konzept von Philippe Descola aufzugreifen. Sie f\u00fcgt eine \u00f6kologische Dimension hinzu, die unsere gegenseitige Abh\u00e4ngigkeit mit dem System Erde feststellt, von dem wir seit den 1970er Jahren wissen, dass es in Gefahr ist. Die \u00d6kosomatik beobachtet die wechselseitigen Abh\u00e4ngigkeiten von K\u00f6rper, Denken, Affekten und Emotionen und die Kontinuit\u00e4tsbeziehung zwischen K\u00f6rpern und Umgebungen, woran uns der Zustand der Umweltpr\u00e4senz erinnert: Unsere Pr\u00e4senz ist immer situiert. In seinem Buch  <em>Bewegungen. \u00d6kopolitik des Tanzes  <\/em>(2023) Emma Big\u00e9 bezieht sich auf das griechische Verb <em>haptomai <\/em>, das den mittleren Weg der Ber\u00fchrung bezeichnet, und stellt fest, dass beim Ber\u00fchren eines Objekts &#8222;das Subjekt der Aktivit\u00e4t gleichzeitig derjenige ist, dem die Aktivit\u00e4t zukommt&#8220;. Sie stellt die gleiche Frage f\u00fcr den Akt des Tanzens, indem sie Steve Paxtons <em>La Petite Danse <\/em>(1967) wieder aufgreift, bei dem man steht und sich nicht bewegt, um die Mikrobewegungen zu beobachten, die unseren K\u00f6rper durchlaufen, wenn er mit der Gravitationskraft verhandelt. Die Choreographin und Philosophin Erin Manning beschreibt dies als &#8220; <em>Bodying <\/em>&#8222;, d.h. als den &#8222;K\u00f6rper im Tun&#8220;.<\/p>\n<p style=\"text-align: left;\">\n<p>[\/et_pb_text][\/et_pb_column][et_pb_column type=&#8220;1_2&#8243; _builder_version=&#8220;4.20.0&#8243; _module_preset=&#8220;default&#8220; global_colors_info=&#8220;{}&#8220;][et_pb_image src=&#8220;https:\/\/malvaux.net\/wp-content\/uploads\/2024\/05\/score32_photoshaug-scaled.jpg&#8220; title_text=&#8220;Simone Haug&#8220; _builder_version=&#8220;4.25.0&#8243; _module_preset=&#8220;default&#8220; global_colors_info=&#8220;{}&#8220;][\/et_pb_image][et_pb_image src=&#8220;https:\/\/malvaux.net\/wp-content\/uploads\/2024\/05\/Screenshot-2024-05-04-at-15.11.46.png&#8220; title_text=&#8220;Gregory Stauffer&#8220; _builder_version=&#8220;4.25.0&#8243; _module_preset=&#8220;default&#8220; global_colors_info=&#8220;{}&#8220;][\/et_pb_image][\/et_pb_column][\/et_pb_row][\/et_pb_section]<\/p>\n","protected":false},"excerpt":{"rendered":"<p>\u00dcber unsMalvaux Malvaux ist der Name des Waldes, der sich am nordwestlichen Hang von der Stadt Biel\/Bienne bis zu den D\u00f6rfern Magglingen und Leubringen erstreckt. Dieser Wald liegt auf einem Teil des Jura-Gebirges und \u00fcberwindet einen H\u00f6henunterschied von 300 Metern. Wir haben uns entschieden, das Zentrum f\u00fcr \u00f6kosomatische Erforschungen so zu nennen, um uns daran [&hellip;]<\/p>\n","protected":false},"author":1,"featured_media":0,"parent":2046,"menu_order":0,"comment_status":"closed","ping_status":"closed","template":"","meta":{"_et_pb_use_builder":"on","_et_pb_old_content":"","_et_gb_content_width":"","footnotes":""},"class_list":["post-2049","page","type-page","status-publish","hentry"],"_links":{"self":[{"href":"https:\/\/malvaux.net\/de\/wp-json\/wp\/v2\/pages\/2049","targetHints":{"allow":["GET"]}}],"collection":[{"href":"https:\/\/malvaux.net\/de\/wp-json\/wp\/v2\/pages"}],"about":[{"href":"https:\/\/malvaux.net\/de\/wp-json\/wp\/v2\/types\/page"}],"author":[{"embeddable":true,"href":"https:\/\/malvaux.net\/de\/wp-json\/wp\/v2\/users\/1"}],"replies":[{"embeddable":true,"href":"https:\/\/malvaux.net\/de\/wp-json\/wp\/v2\/comments?post=2049"}],"version-history":[{"count":9,"href":"https:\/\/malvaux.net\/de\/wp-json\/wp\/v2\/pages\/2049\/revisions"}],"predecessor-version":[{"id":2089,"href":"https:\/\/malvaux.net\/de\/wp-json\/wp\/v2\/pages\/2049\/revisions\/2089"}],"up":[{"embeddable":true,"href":"https:\/\/malvaux.net\/de\/wp-json\/wp\/v2\/pages\/2046"}],"wp:attachment":[{"href":"https:\/\/malvaux.net\/de\/wp-json\/wp\/v2\/media?parent=2049"}],"curies":[{"name":"wp","href":"https:\/\/api.w.org\/{rel}","templated":true}]}}