{"id":2053,"date":"2024-04-30T11:32:39","date_gmt":"2024-04-30T09:32:39","guid":{"rendered":"https:\/\/malvaux.net\/home\/agenda\/"},"modified":"2026-05-09T13:02:18","modified_gmt":"2026-05-09T11:02:18","slug":"agenda","status":"publish","type":"page","link":"https:\/\/malvaux.net\/de\/home\/agenda\/","title":{"rendered":"AGENDA"},"content":{"rendered":"<p>[et_pb_section fb_built=&#8220;1&#8243; admin_label=&#8220;Header&#8220; _builder_version=&#8220;4.25.0&#8243; _module_preset=&#8220;default&#8220; background_color=&#8220;#FFFFFF&#8220; background_enable_image=&#8220;off&#8220; background_blend=&#8220;multiply&#8220; background_color_phone=&#8220;#000000&#8243; background_last_edited=&#8220;off|desktop&#8220; background_enable_color_phone=&#8220;on&#8220; use_background_color_gradient_phone=&#8220;off&#8220; parallax_phone=&#8220;off&#8220; background_size_phone=&#8220;cover&#8220; background_position_phone=&#8220;center&#8220; collapsed=&#8220;on&#8220; global_colors_info=&#8220;{}&#8220;][et_pb_row _builder_version=&#8220;4.20.0&#8243; _module_preset=&#8220;default&#8220; global_colors_info=&#8220;{}&#8220;][et_pb_column type=&#8220;4_4&#8243; _builder_version=&#8220;4.20.0&#8243; _module_preset=&#8220;default&#8220; global_colors_info=&#8220;{}&#8220;][et_pb_text _builder_version=&#8220;4.25.0&#8243; _module_preset=&#8220;_initial&#8220; text_font=&#8220;&#8211;et_global_body_font||||||||&#8220; header_font=&#8220;&#8211;et_global_heading_font|||on|||||&#8220; header_text_align=&#8220;center&#8220; header_font_size=&#8220;75px&#8220; header_letter_spacing=&#8220;0.2em&#8220; header_line_height=&#8220;1.2em&#8220; text_orientation=&#8220;justified&#8220; custom_padding=&#8220;50px||30px|||&#8220; header_font_size_tablet=&#8220;40px&#8220; header_font_size_phone=&#8220;24px&#8220; header_font_size_last_edited=&#8220;on|desktop&#8220; text_orientation_tablet=&#8220;justified&#8220; text_orientation_phone=&#8220;justified&#8220; text_orientation_last_edited=&#8220;on|desktop&#8220; global_colors_info=&#8220;{}&#8220;]<\/p>\n<h1>Agenda<\/h1>\n<p>[\/et_pb_text][\/et_pb_column][\/et_pb_row][et_pb_row custom_padding_last_edited=&#8220;on|tablet&#8220; _builder_version=&#8220;4.25.0&#8243; _module_preset=&#8220;default&#8220; background_color=&#8220;#000000&#8243; custom_padding=&#8220;21px|80px|21px|80px|true|true&#8220; custom_padding_tablet=&#8220;40px|40px|40px|40px|true|true&#8220; custom_padding_phone=&#8220;10px|20px|10px|20px|true|true&#8220; global_colors_info=&#8220;{}&#8220;][et_pb_column type=&#8220;4_4&#8243; _builder_version=&#8220;4.20.0&#8243; _module_preset=&#8220;default&#8220; global_colors_info=&#8220;{}&#8220;][et_pb_text _builder_version=&#8220;4.25.0&#8243; _module_preset=&#8220;_initial&#8220; text_font=&#8220;&#8211;et_global_body_font||||||||&#8220; header_font=&#8220;&#8211;et_global_heading_font|||on|||||&#8220; header_text_align=&#8220;center&#8220; header_font_size=&#8220;40px&#8220; header_letter_spacing=&#8220;0.2em&#8220; header_line_height=&#8220;1.2em&#8220; text_orientation=&#8220;justified&#8220; header_font_size_tablet=&#8220;25px&#8220; header_font_size_phone=&#8220;20px&#8220; header_font_size_last_edited=&#8220;on|desktop&#8220; text_orientation_tablet=&#8220;justified&#8220; text_orientation_phone=&#8220;justified&#8220; text_orientation_last_edited=&#8220;on|desktop&#8220; global_colors_info=&#8220;{}&#8220;]<\/p>\n<h1><span style=\"color: #ffffff;\">summer school#3 <br \/><\/span><\/h1>\n<p>[\/et_pb_text][et_pb_text _builder_version=&#8220;4.25.0&#8243; _module_preset=&#8220;default&#8220; text_text_color=&#8220;#FFFFFF&#8220; text_font_size=&#8220;18px&#8220; text_letter_spacing=&#8220;2px&#8220; text_orientation=&#8220;center&#8220; text_font_size_tablet=&#8220;15px&#8220; text_font_size_phone=&#8220;14px&#8220; text_font_size_last_edited=&#8220;on|phone&#8220; global_colors_info=&#8220;{}&#8220;]<\/p>\n<div>\n<div>\n<p><em>Eine Woche transdisziplin\u00e4re Forschung im Wald in Biel\/Bienne.<\/em> <\/p>\n<p>&nbsp;<\/p>\n<\/div>\n<\/div>\n<div>\n<div><\/div>\n<\/div>\n<div>\n<div>\n<p>03.08. &#8211; 07.08.2026<\/p>\n<p>Wald von Malvaux, Biel\/Bienne<\/p>\n<p>Frist f\u00fcr die Eintragung 01.07.2026<\/p>\n<\/div>\n<\/div>\n<p>[\/et_pb_text][et_pb_button button_url=&#8220;https:\/\/malvaux.net\/de\/home\/summer-school\/&#8220; url_new_window=&#8220;on&#8220; button_text=&#8220;INFORMATIONEN&#8220; button_alignment=&#8220;center&#8220; _builder_version=&#8220;4.25.0&#8243; _module_preset=&#8220;default&#8220; background_layout=&#8220;dark&#8220; hover_enabled=&#8220;0&#8243; global_colors_info=&#8220;{}&#8220; sticky_enabled=&#8220;0&#8243;][\/et_pb_button][et_pb_button button_url=&#8220;mailto:info@malvaux.net&#8220; url_new_window=&#8220;on&#8220; button_text=&#8220;ANMELDUNGEN&#8220; button_alignment=&#8220;center&#8220; _builder_version=&#8220;4.25.0&#8243; _module_preset=&#8220;default&#8220; background_layout=&#8220;dark&#8220; global_colors_info=&#8220;{}&#8220;][\/et_pb_button][et_pb_divider color=&#8220;#FFFFFF&#8220; divider_position=&#8220;center&#8220; divider_weight=&#8220;2px&#8220; _builder_version=&#8220;4.25.0&#8243; _module_preset=&#8220;default&#8220; custom_margin=&#8220;43px|||||&#8220; global_colors_info=&#8220;{}&#8220;][\/et_pb_divider][\/et_pb_column][\/et_pb_row][et_pb_row custom_padding_last_edited=&#8220;on|tablet&#8220; _builder_version=&#8220;4.25.0&#8243; _module_preset=&#8220;default&#8220; background_color=&#8220;#000000&#8243; custom_padding=&#8220;21px|80px|21px|80px|true|true&#8220; custom_padding_tablet=&#8220;40px|40px|40px|40px|true|true&#8220; custom_padding_phone=&#8220;10px|20px|10px|20px|true|true&#8220; global_colors_info=&#8220;{}&#8220;][et_pb_column type=&#8220;4_4&#8243; _builder_version=&#8220;4.20.0&#8243; _module_preset=&#8220;default&#8220; global_colors_info=&#8220;{}&#8220;][et_pb_text _builder_version=&#8220;4.25.0&#8243; _module_preset=&#8220;_initial&#8220; text_font=&#8220;&#8211;et_global_body_font||||||||&#8220; header_font=&#8220;&#8211;et_global_heading_font|||on|||||&#8220; header_text_align=&#8220;center&#8220; header_font_size=&#8220;40px&#8220; header_letter_spacing=&#8220;0.2em&#8220; header_line_height=&#8220;1.2em&#8220; text_orientation=&#8220;justified&#8220; header_font_size_tablet=&#8220;25px&#8220; header_font_size_phone=&#8220;20px&#8220; header_font_size_last_edited=&#8220;on|desktop&#8220; text_orientation_tablet=&#8220;justified&#8220; text_orientation_phone=&#8220;justified&#8220; text_orientation_last_edited=&#8220;on|desktop&#8220; global_colors_info=&#8220;{}&#8220;]<\/p>\n<h1><span style=\"color: #ffffff;\">move with the plants<br \/><\/span><\/h1>\n<p>[\/et_pb_text][et_pb_text _builder_version=&#8220;4.25.0&#8243; _module_preset=&#8220;default&#8220; text_text_color=&#8220;#FFFFFF&#8220; text_font_size=&#8220;18px&#8220; text_letter_spacing=&#8220;2px&#8220; text_orientation=&#8220;center&#8220; text_font_size_tablet=&#8220;15px&#8220; text_font_size_phone=&#8220;14px&#8220; text_font_size_last_edited=&#8220;on|phone&#8220; global_colors_info=&#8220;{}&#8220;]<\/p>\n<div>\n<div>\n<h4><em><span style=\"color: #ffffff;\">Tanz und Heilpflanzen im Jahreszyklus mit Belinda Winkelmann.<\/span><\/em><\/h4>\n<h4><em><span style=\"color: #ffffff;\">\u00d6ffentliche Workshops in Malvaux &#8211; Zentrum f\u00fcr \u00f6kosomatische Erforschung im Wald, Biel\/Bienne.<\/span><\/em><\/h4>\n<\/div>\n<\/div>\n<div>\n<div><\/div>\n<\/div>\n<div>\n<div>\n<h4><\/h4>\n<h4><\/h4>\n<h4><span style=\"color: #ffffff;\">Herbstwochenende: 11-12.10.2025<\/span><\/h4>\n<h4><span style=\"color: #ffffff;\"><\/span><\/h4>\n<h4><span style=\"color: #ffffff;\"><\/span><\/h4>\n<h4><span style=\"color: #ffffff;\"><\/span><\/h4>\n<h4><span style=\"color: #ffffff;\">Winterwochenende: 10-11.01.2026<\/span><\/h4>\n<\/div>\n<\/div>\n<p>[\/et_pb_text][et_pb_button button_url=&#8220;https:\/\/malvaux.net\/de\/home\/offentliche-workshops\/&#8220; url_new_window=&#8220;on&#8220; button_text=&#8220;INFORMATIONEN&#8220; button_alignment=&#8220;center&#8220; _builder_version=&#8220;4.25.0&#8243; _module_preset=&#8220;default&#8220; background_layout=&#8220;dark&#8220; global_colors_info=&#8220;{}&#8220;][\/et_pb_button][et_pb_button button_url=&#8220;mailto:belinda.winkelmann@gmail.com&#8220; url_new_window=&#8220;on&#8220; button_text=&#8220;ANMELDUNGEN&#8220; button_alignment=&#8220;center&#8220; _builder_version=&#8220;4.25.0&#8243; _module_preset=&#8220;default&#8220; background_layout=&#8220;dark&#8220; global_colors_info=&#8220;{}&#8220;][\/et_pb_button][et_pb_divider color=&#8220;#FFFFFF&#8220; divider_position=&#8220;center&#8220; divider_weight=&#8220;2px&#8220; _builder_version=&#8220;4.25.0&#8243; _module_preset=&#8220;default&#8220; custom_margin=&#8220;43px|||||&#8220; global_colors_info=&#8220;{}&#8220;][\/et_pb_divider][\/et_pb_column][\/et_pb_row][et_pb_row custom_padding_last_edited=&#8220;on|tablet&#8220; _builder_version=&#8220;4.25.0&#8243; _module_preset=&#8220;default&#8220; background_color=&#8220;#000000&#8243; custom_padding=&#8220;21px|80px|21px|80px|true|true&#8220; custom_padding_tablet=&#8220;40px|40px|40px|40px|true|true&#8220; custom_padding_phone=&#8220;10px|20px|10px|20px|true|true&#8220; global_colors_info=&#8220;{}&#8220;][et_pb_column type=&#8220;4_4&#8243; _builder_version=&#8220;4.20.0&#8243; _module_preset=&#8220;default&#8220; global_colors_info=&#8220;{}&#8220;][et_pb_text _builder_version=&#8220;4.25.0&#8243; _module_preset=&#8220;_initial&#8220; text_font=&#8220;&#8211;et_global_body_font||||||||&#8220; header_font=&#8220;&#8211;et_global_heading_font|||on|||||&#8220; header_text_align=&#8220;center&#8220; header_font_size=&#8220;40px&#8220; header_letter_spacing=&#8220;0.2em&#8220; header_line_height=&#8220;1.2em&#8220; text_orientation=&#8220;justified&#8220; header_font_size_tablet=&#8220;25px&#8220; header_font_size_phone=&#8220;20px&#8220; header_font_size_last_edited=&#8220;on|desktop&#8220; text_orientation_tablet=&#8220;justified&#8220; text_orientation_phone=&#8220;justified&#8220; text_orientation_last_edited=&#8220;on|desktop&#8220; global_colors_info=&#8220;{}&#8220;]<\/p>\n<h1><span style=\"color: #ffffff;\">summer school#2  <br \/><\/span><\/h1>\n<p>[\/et_pb_text][et_pb_text _builder_version=&#8220;4.25.0&#8243; _module_preset=&#8220;default&#8220; text_text_color=&#8220;#FFFFFF&#8220; text_font_size=&#8220;18px&#8220; text_letter_spacing=&#8220;2px&#8220; text_orientation=&#8220;center&#8220; text_font_size_tablet=&#8220;15px&#8220; text_font_size_phone=&#8220;14px&#8220; text_font_size_last_edited=&#8220;on|phone&#8220; global_colors_info=&#8220;{}&#8220;]<\/p>\n<div>\n<div>\n<p><em>Eine Woche transdisziplin\u00e4re Forschung im Wald in Biel\/Bienne.<\/em> <\/p>\n<p>&nbsp;<\/p>\n<\/div>\n<\/div>\n<div>\n<div><\/div>\n<\/div>\n<div>\n<div>\n<p>25.08. &#8211; 29.08.2025<\/p>\n<p>Wald von Malvaux, Biel\/Bienne<\/p>\n<p>Frist f\u00fcr die Eintragung 15.06.2025<\/p>\n<\/div>\n<\/div>\n<p>[\/et_pb_text][et_pb_button button_url=&#8220;https:\/\/malvaux.net\/de\/home\/summer-school\/&#8220; url_new_window=&#8220;on&#8220; button_text=&#8220;INFORMATIONEN&#8220; button_alignment=&#8220;center&#8220; _builder_version=&#8220;4.25.0&#8243; _module_preset=&#8220;default&#8220; background_layout=&#8220;dark&#8220; global_colors_info=&#8220;{}&#8220;][\/et_pb_button][et_pb_button button_url=&#8220;mailto:info@malvaux.net&#8220; url_new_window=&#8220;on&#8220; button_text=&#8220;ANMELDUNGEN&#8220; button_alignment=&#8220;center&#8220; _builder_version=&#8220;4.25.0&#8243; _module_preset=&#8220;default&#8220; background_layout=&#8220;dark&#8220; global_colors_info=&#8220;{}&#8220;][\/et_pb_button][et_pb_divider color=&#8220;#FFFFFF&#8220; divider_position=&#8220;center&#8220; divider_weight=&#8220;2px&#8220; _builder_version=&#8220;4.25.0&#8243; _module_preset=&#8220;default&#8220; custom_margin=&#8220;43px|||||&#8220; global_colors_info=&#8220;{}&#8220;][\/et_pb_divider][\/et_pb_column][\/et_pb_row][et_pb_row custom_padding_last_edited=&#8220;on|tablet&#8220; _builder_version=&#8220;4.25.0&#8243; _module_preset=&#8220;default&#8220; background_color=&#8220;#000000&#8243; custom_padding=&#8220;21px|80px|21px|80px|true|true&#8220; custom_padding_tablet=&#8220;40px|40px|40px|40px|true|true&#8220; custom_padding_phone=&#8220;10px|20px|10px|20px|true|true&#8220; global_colors_info=&#8220;{}&#8220;][et_pb_column type=&#8220;4_4&#8243; _builder_version=&#8220;4.20.0&#8243; _module_preset=&#8220;default&#8220; global_colors_info=&#8220;{}&#8220;][et_pb_text _builder_version=&#8220;4.25.0&#8243; _module_preset=&#8220;_initial&#8220; text_font=&#8220;&#8211;et_global_body_font||||||||&#8220; header_font=&#8220;&#8211;et_global_heading_font|||on|||||&#8220; header_text_align=&#8220;center&#8220; header_font_size=&#8220;40px&#8220; header_letter_spacing=&#8220;0.2em&#8220; header_line_height=&#8220;1.2em&#8220; text_orientation=&#8220;justified&#8220; header_font_size_tablet=&#8220;25px&#8220; header_font_size_phone=&#8220;20px&#8220; header_font_size_last_edited=&#8220;on|desktop&#8220; text_orientation_tablet=&#8220;justified&#8220; text_orientation_phone=&#8220;justified&#8220; text_orientation_last_edited=&#8220;on|desktop&#8220; global_colors_info=&#8220;{}&#8220;]<\/p>\n<h1><span style=\"color: #ffffff;\">DISKUSSION AM KAMIN mit Damien Delorme <br \/><\/span><\/h1>\n<p>[\/et_pb_text][et_pb_text _builder_version=&#8220;4.25.0&#8243; _module_preset=&#8220;default&#8220; text_text_color=&#8220;#FFFFFF&#8220; text_font_size=&#8220;18px&#8220; text_letter_spacing=&#8220;2px&#8220; text_orientation=&#8220;center&#8220; text_font_size_tablet=&#8220;15px&#8220; text_font_size_phone=&#8220;14px&#8220; text_font_size_last_edited=&#8220;on|phone&#8220; global_colors_info=&#8220;{}&#8220;]<\/p>\n<div>\n<div>\n<p><em><\/em><\/p>\n<p><em>im Rahmen der Summer School 2025<\/em><\/p>\n<p><em>Orion Pfadfinderhaus, Ried, Biel\/Bienne  <\/em><\/p>\n<p><em>Freier Preis  <\/em><\/p>\n<p>&nbsp;<\/p>\n<\/div>\n<\/div>\n<div>\n<div><\/div>\n<\/div>\n<div>\n<div>\n<p>27.08.2025 &#8211; 20h00<\/p>\n<p>&nbsp;<\/p>\n<p>Haben Sie jemals eine Erfahrung gemacht, die Ihre Art des Zuh\u00f6rens radikal ver\u00e4ndert hat? Und haben Sie auch erlebt, dass ein tiefes Zuh\u00f6ren die M\u00f6glichkeiten ver\u00e4ndert?  Ausgehend von einigen Berichten \u00fcber die Bekehrung des Zuh\u00f6rens schl\u00e4gt Damien vor, gemeinsam dar\u00fcber nachzudenken, was ein <em>\u00f6kologisches Zuh\u00f6ren<\/em> w\u00e4re: wie man es charakterisieren und wie man das ethische und politische Engagement beschreiben k\u00f6nnte, das diese Art von aufmerksamer Pr\u00e4senz f\u00fcr sich selbst, f\u00fcr andere und f\u00fcr die Welt mit sich bringt. <\/p>\n<p>Der Diskussion geht eine H\u00f6rpraxis voraus, die auch f\u00fcr Kinder geeignet ist. Im Anschluss an die Konferenz k\u00f6nnen die Teilnehmer \u00f6kobiographische Geschichten \u00fcber die Metamorphosen des Zuh\u00f6rens austauschen. <\/p>\n<p>&#8212;&#8212;&#8212;&#8212;&#8212;&#8212;&#8212;&#8212;&#8212;-<\/p>\n<p>Damien Delorme ist Doktor der Philosophie und Theologie. Er ist erster Assistent f\u00fcr Umweltethik an der Universit\u00e4t Lausanne (IGD) und Lehrbeauftragter an der Universit\u00e4t Genf und der Universit\u00e4t Jean Moulin Lyon 3. Zu seinen Forschungsschwerpunkten geh\u00f6ren die Einbeziehung von Minderheitsstimmen in die Umweltphilosophie und die Verbindungen zwischen \u00d6kospiritualit\u00e4t, \u00d6kologie der ersten Person und politischer \u00d6kologie.  <\/p>\n<p>&nbsp;<\/p>\n<\/div>\n<\/div>\n<p>[\/et_pb_text][et_pb_button button_url=&#8220;mailto:info@malvaux.net&#8220; url_new_window=&#8220;on&#8220; button_text=&#8220;ANMELDUNGEN&#8220; button_alignment=&#8220;center&#8220; _builder_version=&#8220;4.25.0&#8243; _module_preset=&#8220;default&#8220; background_layout=&#8220;dark&#8220; global_colors_info=&#8220;{}&#8220;][\/et_pb_button][et_pb_divider color=&#8220;#FFFFFF&#8220; divider_position=&#8220;center&#8220; divider_weight=&#8220;2px&#8220; _builder_version=&#8220;4.25.0&#8243; _module_preset=&#8220;default&#8220; custom_margin=&#8220;43px|||||&#8220; global_colors_info=&#8220;{}&#8220;][\/et_pb_divider][\/et_pb_column][\/et_pb_row][et_pb_row custom_padding_last_edited=&#8220;on|tablet&#8220; _builder_version=&#8220;4.25.0&#8243; _module_preset=&#8220;default&#8220; background_color=&#8220;#000000&#8243; custom_padding=&#8220;21px|80px|21px|80px|true|true&#8220; custom_padding_tablet=&#8220;40px|40px|40px|40px|true|true&#8220; custom_padding_phone=&#8220;10px|20px|10px|20px|true|true&#8220; global_colors_info=&#8220;{}&#8220;][et_pb_column type=&#8220;4_4&#8243; _builder_version=&#8220;4.20.0&#8243; _module_preset=&#8220;default&#8220; global_colors_info=&#8220;{}&#8220;][et_pb_text _builder_version=&#8220;4.25.0&#8243; _module_preset=&#8220;_initial&#8220; text_font=&#8220;&#8211;et_global_body_font||||||||&#8220; header_font=&#8220;&#8211;et_global_heading_font|||on|||||&#8220; header_text_align=&#8220;center&#8220; header_font_size=&#8220;40px&#8220; header_letter_spacing=&#8220;0.2em&#8220; header_line_height=&#8220;1.2em&#8220; text_orientation=&#8220;justified&#8220; header_font_size_tablet=&#8220;25px&#8220; header_font_size_phone=&#8220;20px&#8220; header_font_size_last_edited=&#8220;on|desktop&#8220; text_orientation_tablet=&#8220;justified&#8220; text_orientation_phone=&#8220;justified&#8220; text_orientation_last_edited=&#8220;on|desktop&#8220; global_colors_info=&#8220;{}&#8220;]<\/p>\n<h1><span style=\"color: #ffffff;\">Abendspaziergang  <br \/><\/span><\/h1>\n<p>[\/et_pb_text][et_pb_text _builder_version=&#8220;4.25.0&#8243; _module_preset=&#8220;default&#8220; text_text_color=&#8220;#FFFFFF&#8220; text_font_size=&#8220;18px&#8220; text_letter_spacing=&#8220;2px&#8220; text_orientation=&#8220;center&#8220; text_font_size_tablet=&#8220;15px&#8220; text_font_size_phone=&#8220;14px&#8220; text_font_size_last_edited=&#8220;on|phone&#8220; global_colors_info=&#8220;{}&#8220;]<\/p>\n<div>\n<div>\n<p><em>im Rahmen der Summer School 2025<\/em><\/p>\n<p>Stiller Spaziergang in der Nacht. Offen f\u00fcr alle. Treffen Sie sich zwischen 20:30 und 21:00 Uhr an der Pfadfinderh\u00fctte Orion, um vor dem Start einen Tee zu trinken.   Nehmen Sie gute Schuhe mit! <\/p>\n<p>28.08.2025: 21.00 Uhr bis Mitternacht<\/p>\n<\/div>\n<\/div>\n<p>[\/et_pb_text][et_pb_button button_url=&#8220;mailto:info@malvaux.net&#8220; url_new_window=&#8220;on&#8220; button_text=&#8220;ANMELDUNGEN&#8220; button_alignment=&#8220;center&#8220; _builder_version=&#8220;4.25.0&#8243; _module_preset=&#8220;default&#8220; background_layout=&#8220;dark&#8220; global_colors_info=&#8220;{}&#8220;][\/et_pb_button][et_pb_divider color=&#8220;#FFFFFF&#8220; divider_position=&#8220;center&#8220; divider_weight=&#8220;2px&#8220; _builder_version=&#8220;4.25.0&#8243; _module_preset=&#8220;default&#8220; custom_margin=&#8220;43px|||||&#8220; global_colors_info=&#8220;{}&#8220;][\/et_pb_divider][\/et_pb_column][\/et_pb_row][et_pb_row custom_padding_last_edited=&#8220;on|tablet&#8220; _builder_version=&#8220;4.20.0&#8243; _module_preset=&#8220;default&#8220; background_color=&#8220;#000000&#8243; custom_padding=&#8220;21px|80px|21px|80px|true|true&#8220; custom_padding_tablet=&#8220;40px|40px|40px|40px|true|true&#8220; custom_padding_phone=&#8220;10px|20px|10px|20px|true|true&#8220; global_colors_info=&#8220;{}&#8220;][et_pb_column type=&#8220;4_4&#8243; _builder_version=&#8220;4.20.0&#8243; _module_preset=&#8220;default&#8220; global_colors_info=&#8220;{}&#8220;][et_pb_text _builder_version=&#8220;4.25.0&#8243; _module_preset=&#8220;_initial&#8220; text_font=&#8220;&#8211;et_global_body_font||||||||&#8220; header_font=&#8220;&#8211;et_global_heading_font|||on|||||&#8220; header_text_align=&#8220;center&#8220; header_font_size=&#8220;40px&#8220; header_letter_spacing=&#8220;0.2em&#8220; header_line_height=&#8220;1.2em&#8220; text_orientation=&#8220;justified&#8220; header_font_size_tablet=&#8220;25px&#8220; header_font_size_phone=&#8220;20px&#8220; header_font_size_last_edited=&#8220;on|desktop&#8220; text_orientation_tablet=&#8220;justified&#8220; text_orientation_phone=&#8220;justified&#8220; text_orientation_last_edited=&#8220;on|desktop&#8220; global_colors_info=&#8220;{}&#8220;]<\/p>\n<h1><span style=\"color: #ffffff;\">Sommerschule #1<\/span><\/h1>\n<p>[\/et_pb_text][et_pb_text _builder_version=&#8220;4.25.0&#8243; _module_preset=&#8220;default&#8220; text_text_color=&#8220;#FFFFFF&#8220; text_font_size=&#8220;20px&#8220; text_letter_spacing=&#8220;2px&#8220; text_orientation=&#8220;center&#8220; text_font_size_tablet=&#8220;15px&#8220; text_font_size_phone=&#8220;14px&#8220; text_font_size_last_edited=&#8220;on|phone&#8220; global_colors_info=&#8220;{}&#8220;]<\/p>\n<p>19.08. &#8211; 23.08.2024<\/p>\n<p>Wald von Malvaux, Biel\/Bienne<\/p>\n<p>Frist f\u00fcr die Anmeldung 22.08.2024<\/p>\n<p>&nbsp;<\/p>\n<p>[\/et_pb_text][et_pb_button button_url=&#8220;https:\/\/malvaux.net\/fr\/summer-school\/&#8220; url_new_window=&#8220;on&#8220; button_text=&#8220;INFORMATIONEN&#8220; button_alignment=&#8220;center&#8220; _builder_version=&#8220;4.25.0&#8243; _module_preset=&#8220;default&#8220; background_layout=&#8220;dark&#8220; global_colors_info=&#8220;{}&#8220;][\/et_pb_button][et_pb_button button_url=&#8220;mailto:info@malvaux.net&#8220; url_new_window=&#8220;on&#8220; button_text=&#8220;ANMELDUNGEN&#8220; button_alignment=&#8220;center&#8220; _builder_version=&#8220;4.25.0&#8243; _module_preset=&#8220;default&#8220; background_layout=&#8220;dark&#8220; global_colors_info=&#8220;{}&#8220;][\/et_pb_button][et_pb_divider color=&#8220;#FFFFFF&#8220; divider_position=&#8220;center&#8220; divider_weight=&#8220;2px&#8220; _builder_version=&#8220;4.25.0&#8243; _module_preset=&#8220;default&#8220; custom_margin=&#8220;43px|||||&#8220; global_colors_info=&#8220;{}&#8220;][\/et_pb_divider][\/et_pb_column][\/et_pb_row][et_pb_row custom_padding_last_edited=&#8220;on|tablet&#8220; _builder_version=&#8220;4.20.0&#8243; _module_preset=&#8220;default&#8220; background_color=&#8220;#000000&#8243; custom_padding=&#8220;30px|80px|30px|80px|true|true&#8220; custom_padding_tablet=&#8220;40px|40px|40px|40px|true|true&#8220; custom_padding_phone=&#8220;10px|20px|10px|20px|true|true&#8220; global_colors_info=&#8220;{}&#8220;][et_pb_column type=&#8220;4_4&#8243; _builder_version=&#8220;4.20.0&#8243; _module_preset=&#8220;default&#8220; global_colors_info=&#8220;{}&#8220;][et_pb_text _builder_version=&#8220;4.25.0&#8243; _module_preset=&#8220;_initial&#8220; text_font=&#8220;&#8211;et_global_body_font||||||||&#8220; header_font=&#8220;&#8211;et_global_heading_font|||on|||||&#8220; header_text_align=&#8220;center&#8220; header_font_size=&#8220;40px&#8220; header_letter_spacing=&#8220;0.2em&#8220; header_line_height=&#8220;1.2em&#8220; text_orientation=&#8220;justified&#8220; header_font_size_tablet=&#8220;25px&#8220; header_font_size_phone=&#8220;20px&#8220; header_font_size_last_edited=&#8220;on|desktop&#8220; text_orientation_tablet=&#8220;justified&#8220; text_orientation_phone=&#8220;justified&#8220; text_orientation_last_edited=&#8220;on|desktop&#8220; global_colors_info=&#8220;{}&#8220;]<\/p>\n<h1><span style=\"color: #ffffff;\">Konferenz<\/span><\/h1>\n<p>[\/et_pb_text][et_pb_text _builder_version=&#8220;4.25.0&#8243; _module_preset=&#8220;default&#8220; text_text_color=&#8220;#FFFFFF&#8220; text_font_size=&#8220;20px&#8220; text_letter_spacing=&#8220;2px&#8220; text_orientation=&#8220;center&#8220; text_font_size_tablet=&#8220;15px&#8220; text_font_size_phone=&#8220;14px&#8220; text_font_size_last_edited=&#8220;on|phone&#8220; global_colors_info=&#8220;{}&#8220;]<\/p>\n<p>22.08.2024 \/ 18H<\/p>\n<p><span style=\"color: #ffffff;\"><a href=\"https:\/\/www.pasquart.ch\/\" target=\"_blank\" rel=\"noopener\" style=\"color: #ffffff;\">Kunstzentrum Biel Kunsthaus Biel<\/a><\/span><\/p>\n<p>Ein Vortrag \u00fcber \u00d6kosomatik von <a href=\"https:\/\/www.ladyss.com\/membres\/clavel-joanne\/\" target=\"_blank\" rel=\"noopener\">Joanne Clavel<\/a><\/p>\n<p>mit Aperitif riche<\/p>\n<p>&nbsp;<\/p>\n<p>[\/et_pb_text][et_pb_divider show_divider=&#8220;off&#8220; _builder_version=&#8220;4.25.0&#8243; _module_preset=&#8220;default&#8220; global_colors_info=&#8220;{}&#8220;][\/et_pb_divider][\/et_pb_column][\/et_pb_row][\/et_pb_section]<\/p>\n","protected":false},"excerpt":{"rendered":"<p>Agendasummer school#3 Eine Woche transdisziplin\u00e4re Forschung im Wald in Biel\/Bienne. &nbsp; 03.08. &#8211; 07.08.2026 Wald von Malvaux, Biel\/Bienne Frist f\u00fcr die Eintragung 01.07.2026 move with the plants Tanz und Heilpflanzen im Jahreszyklus mit Belinda Winkelmann. \u00d6ffentliche Workshops in Malvaux &#8211; Zentrum f\u00fcr \u00f6kosomatische Erforschung im Wald, Biel\/Bienne. Herbstwochenende: 11-12.10.2025 Winterwochenende: 10-11.01.2026 summer school#2 Eine Woche [&hellip;]<\/p>\n","protected":false},"author":1,"featured_media":0,"parent":2046,"menu_order":0,"comment_status":"closed","ping_status":"closed","template":"","meta":{"_et_pb_use_builder":"on","_et_pb_old_content":"","_et_gb_content_width":"","footnotes":""},"class_list":["post-2053","page","type-page","status-publish","hentry"],"_links":{"self":[{"href":"https:\/\/malvaux.net\/de\/wp-json\/wp\/v2\/pages\/2053","targetHints":{"allow":["GET"]}}],"collection":[{"href":"https:\/\/malvaux.net\/de\/wp-json\/wp\/v2\/pages"}],"about":[{"href":"https:\/\/malvaux.net\/de\/wp-json\/wp\/v2\/types\/page"}],"author":[{"embeddable":true,"href":"https:\/\/malvaux.net\/de\/wp-json\/wp\/v2\/users\/1"}],"replies":[{"embeddable":true,"href":"https:\/\/malvaux.net\/de\/wp-json\/wp\/v2\/comments?post=2053"}],"version-history":[{"count":22,"href":"https:\/\/malvaux.net\/de\/wp-json\/wp\/v2\/pages\/2053\/revisions"}],"predecessor-version":[{"id":2503,"href":"https:\/\/malvaux.net\/de\/wp-json\/wp\/v2\/pages\/2053\/revisions\/2503"}],"up":[{"embeddable":true,"href":"https:\/\/malvaux.net\/de\/wp-json\/wp\/v2\/pages\/2046"}],"wp:attachment":[{"href":"https:\/\/malvaux.net\/de\/wp-json\/wp\/v2\/media?parent=2053"}],"curies":[{"name":"wp","href":"https:\/\/api.w.org\/{rel}","templated":true}]}}