{"id":2056,"date":"2024-04-30T11:31:40","date_gmt":"2024-04-30T09:31:40","guid":{"rendered":"https:\/\/malvaux.net\/home\/dokumentationszentrum\/"},"modified":"2025-11-13T13:46:40","modified_gmt":"2025-11-13T12:46:40","slug":"dokumentationszentrum","status":"publish","type":"page","link":"https:\/\/malvaux.net\/de\/home\/dokumentationszentrum\/","title":{"rendered":"DOKUMENTATIONSZENTRUM"},"content":{"rendered":"<p>[et_pb_section fb_built=&#8220;1&#8243; admin_label=&#8220;Header&#8220; _builder_version=&#8220;4.25.0&#8243; _module_preset=&#8220;default&#8220; background_color=&#8220;#FFFFFF&#8220; background_enable_image=&#8220;off&#8220; background_blend=&#8220;multiply&#8220; background_color_phone=&#8220;#000000&#8243; background_last_edited=&#8220;off|desktop&#8220; background_enable_color_phone=&#8220;on&#8220; use_background_color_gradient_phone=&#8220;off&#8220; parallax_phone=&#8220;off&#8220; background_size_phone=&#8220;cover&#8220; background_position_phone=&#8220;center&#8220; collapsed=&#8220;on&#8220; global_colors_info=&#8220;{}&#8220;][et_pb_row _builder_version=&#8220;4.20.0&#8243; _module_preset=&#8220;default&#8220; global_colors_info=&#8220;{}&#8220;][et_pb_column type=&#8220;4_4&#8243; _builder_version=&#8220;4.20.0&#8243; _module_preset=&#8220;default&#8220; global_colors_info=&#8220;{}&#8220;][et_pb_text _builder_version=&#8220;4.25.0&#8243; _module_preset=&#8220;_initial&#8220; text_font=&#8220;&#8211;et_global_body_font||||||||&#8220; header_font=&#8220;&#8211;et_global_heading_font|||on|||||&#8220; header_text_align=&#8220;center&#8220; header_font_size=&#8220;75px&#8220; header_letter_spacing=&#8220;0.2em&#8220; header_line_height=&#8220;1.2em&#8220; text_orientation=&#8220;justified&#8220; custom_padding=&#8220;50px||4px|||&#8220; header_font_size_tablet=&#8220;40px&#8220; header_font_size_phone=&#8220;24px&#8220; header_font_size_last_edited=&#8220;on|desktop&#8220; text_orientation_tablet=&#8220;justified&#8220; text_orientation_phone=&#8220;justified&#8220; text_orientation_last_edited=&#8220;on|desktop&#8220; global_colors_info=&#8220;{}&#8220;]<\/p>\n<h1>DOKUMENTATIONSZENTRUM<\/h1>\n<p>[\/et_pb_text][\/et_pb_column][\/et_pb_row][et_pb_row _builder_version=&#8220;4.25.0&#8243; _module_preset=&#8220;default&#8220; background_color=&#8220;#000000&#8243; global_colors_info=&#8220;{}&#8220;][et_pb_column type=&#8220;4_4&#8243; _builder_version=&#8220;4.25.0&#8243; _module_preset=&#8220;default&#8220; global_colors_info=&#8220;{}&#8220;][et_pb_text _builder_version=&#8220;4.25.0&#8243; _module_preset=&#8220;default&#8220; background_color=&#8220;#000000&#8243; global_colors_info=&#8220;{}&#8220;]<\/p>\n<h1 style=\"text-align: center;\"><span style=\"color: #ffffff;\"><\/span><\/h1>\n<h1 style=\"text-align: center;\"><span style=\"color: #ffffff;\"><\/span><\/h1>\n<h1 style=\"text-align: center;\"><span style=\"color: #ffffff;\">SUMMER SCHOOL #2<\/span><\/h1>\n<p>[\/et_pb_text][et_pb_text _builder_version=&#8220;4.25.0&#8243; _module_preset=&#8220;default&#8220; hover_enabled=&#8220;0&#8243; global_colors_info=&#8220;{}&#8220; sticky_enabled=&#8220;0&#8243;]<\/p>\n<h3 style=\"text-align: center;\"><span style=\"color: #ffffff;\">25-29.08.2025<\/span><\/h3>\n<h3 style=\"text-align: center;\"><span style=\"color: #ffffff;\">Wald von Malvaux, Biel\/Bienne<\/span><span style=\"color: #cc99ff;\"><\/span><span style=\"color: #cc99ff;\"><\/span><span style=\"color: #cc99ff;\"><\/span><\/h3>\n<p style=\"text-align: center;\"><span style=\"color: #ffffff;\">Teilnehmer: Marie-Anne Lerjen, Ondine Cloez, Simone Truong, Dafni Stefanou, Belinda Winkelmann, Lea Fulton, Nate Yaffe, Emma F\u00e4lt, Simona Ferrar, Roxanne Schultz, Thea Spiri, Giulia Sorenzi<\/span><span style=\"color: #ffffff;\"><\/span><\/p>\n<p><span style=\"color: #ffffff;\"><\/span><\/p>\n<p>[\/et_pb_text][et_pb_gallery gallery_ids=&#8220;2420&#8243; fullwidth=&#8220;on&#8220; _builder_version=&#8220;4.25.0&#8243; _module_preset=&#8220;default&#8220; hover_enabled=&#8220;0&#8243; global_colors_info=&#8220;{}&#8220; sticky_enabled=&#8220;0&#8243;][\/et_pb_gallery][et_pb_text _builder_version=&#8220;4.25.0&#8243; _module_preset=&#8220;default&#8220; global_colors_info=&#8220;{}&#8220;][\/et_pb_text][\/et_pb_column][\/et_pb_row][et_pb_row _builder_version=&#8220;4.25.0&#8243; _module_preset=&#8220;default&#8220; background_color=&#8220;#000000&#8243; global_colors_info=&#8220;{}&#8220;][et_pb_column type=&#8220;4_4&#8243; _builder_version=&#8220;4.25.0&#8243; _module_preset=&#8220;default&#8220; global_colors_info=&#8220;{}&#8220;][et_pb_text _builder_version=&#8220;4.25.0&#8243; _module_preset=&#8220;default&#8220; background_color=&#8220;#000000&#8243; global_colors_info=&#8220;{}&#8220;]<\/p>\n<h1 style=\"text-align: center;\"><span style=\"color: #ffffff;\"><\/span><\/h1>\n<h1 style=\"text-align: center;\"><span style=\"color: #ffffff;\"><\/span><\/h1>\n<h1 style=\"text-align: center;\"><span style=\"color: #ffffff;\">SUMMER SCHOOL #1<\/span><\/h1>\n<p>[\/et_pb_text][et_pb_text _builder_version=&#8220;4.25.0&#8243; _module_preset=&#8220;default&#8220; global_colors_info=&#8220;{}&#8220;]<\/p>\n<h3 style=\"text-align: center;\"><span style=\"color: #ffffff;\">19-23.08.2024<\/span><\/h3>\n<h3 style=\"text-align: center;\"><span style=\"color: #ffffff;\">Wald von Malvaux, Biel\/Bienne<\/span><span style=\"color: #cc99ff;\"><\/span><span style=\"color: #cc99ff;\"><\/span><span style=\"color: #cc99ff;\"><\/span><\/h3>\n<p style=\"text-align: center;\">Teilnehmer: Nathalie Dubath, Laure Jolissaint, Dafni Stefanou, Adina Secretan, Belinda Winkelman, Nicolas Dutour, Catarina Marques, No\u00e9mie Saga Hirt, AlanTwichell, Kristine Preuss, J\u00fcrgen Funke, Ula Liagait\u00e9, Charlotte Riondel, Anna Von Siebenthal, Marie-Anne Lerjen, Gabriel Arellano, Georgia Duncan, Doris Kuhn Traore, Margot Roth<\/p>\n<p style=\"text-align: center;\"><span style=\"color: #ffffff;\"><\/span><\/p>\n<p style=\"text-align: center;\"><em><span style=\"color: #ffffff;\">&#8222;Als ich um Mitternacht in Biel ankam, stieg ich bis zum Rand eines schwarzen Waldes auf dem H\u00fcgel. Als ich nach der T\u00fcr des Pfadfinderhauses suchte, durch die ich eintreten konnte, sp\u00fcrte ich bereits seine Anwesenheit. Wie so oft gingen mir tausend Fragen durch den Kopf: Was machte ich hier, so weit weg von London? Wer w\u00fcrde dort sein? Und vor allem, was w\u00fcrde dieser Moment wirklich sein? Ich war einer Intuition gefolgt, nachdem ich die Absichten der Residenz gelesen hatte, die tief in mir widerhallten. Ja, ich wollte zuh\u00f6ren, mich bewegen, meine Stimme benutzen &#8211; und ja, ich bin unerm\u00fcdlich neugierig auf den Wald. Aber vor allem wollte ich diese Erfahrung in einer Gemeinschaft machen.  <\/span><\/em><\/p>\n<p style=\"text-align: center;\"><span style=\"color: #ffffff;\">Extrait du texte, Georgia Duncan<\/span><span style=\"color: #ffffff;\"><\/span><span style=\"color: #cc99ff;\"><\/span><span style=\"color: #ffffff;\"><\/span><span style=\"color: #ffffff;\"><\/span><\/p>\n<p><span style=\"color: #ffffff;\"><\/span><\/p>\n<p>[\/et_pb_text][et_pb_gallery gallery_ids=&#8220;2230,2245,2239,2248,2227,2260,2269,2284,2287,2233,2242,2254,2263,2281,2272,2278,2275,2257,2236,2251,2266&#8243; fullwidth=&#8220;on&#8220; _builder_version=&#8220;4.25.0&#8243; _module_preset=&#8220;default&#8220; global_colors_info=&#8220;{}&#8220;][\/et_pb_gallery][et_pb_text _builder_version=&#8220;4.25.0&#8243; _module_preset=&#8220;default&#8220; global_colors_info=&#8220;{}&#8220;]<\/p>\n<h5 style=\"text-align: center;\"><span style=\"color: #ffffff;\">Bilder: Simone Haug  <\/span><\/h5>\n<h3><span style=\"color: #cc99ff;\"><\/span><\/h3>\n<p>[\/et_pb_text][\/et_pb_column][\/et_pb_row][et_pb_row column_structure=&#8220;1_2,1_2&#8243; custom_padding_last_edited=&#8220;on|tablet&#8220; _builder_version=&#8220;4.25.0&#8243; _module_preset=&#8220;default&#8220; background_color=&#8220;RGBA(255,255,255,0)&#8220; custom_padding=&#8220;32px|80px|32px|80px|true|true&#8220; custom_padding_tablet=&#8220;40px|40px|40px|40px|true|true&#8220; custom_padding_phone=&#8220;20px|20px|20px|20px|true|true&#8220; global_colors_info=&#8220;{}&#8220;][et_pb_column type=&#8220;1_2&#8243; _builder_version=&#8220;4.20.0&#8243; _module_preset=&#8220;default&#8220; global_colors_info=&#8220;{}&#8220;][et_pb_text _builder_version=&#8220;4.25.0&#8243; _module_preset=&#8220;_initial&#8220; text_font=&#8220;&#8211;et_global_body_font||||||||&#8220; text_text_color=&#8220;#FFFFFF&#8220; text_font_size=&#8220;16px&#8220; text_line_height=&#8220;1.8em&#8220; text_orientation=&#8220;justified&#8220; text_font_tablet=&#8220;&#8211;et_global_body_font||||||||&#8220; text_font_phone=&#8220;&#8211;et_global_body_font||||||||&#8220; text_font_last_edited=&#8220;on|phone&#8220; text_font_size_tablet=&#8220;15px&#8220; text_font_size_phone=&#8220;12px&#8220; text_font_size_last_edited=&#8220;on|tablet&#8220; global_colors_info=&#8220;{}&#8220;]<\/p>\n<h1><span style=\"color: #000000;\">ARTIKEL<\/span><\/h1>\n<p><span style=\"color: #000000;\"><span style=\"text-decoration: underline;\"><a href=\"https:\/\/www.manufacture.ch\/download\/docs\/d3zte7ut.pdf\/Journal%20de%20la%20Recherche%20n%C2%B06.pdf\" target=\"_blank\" rel=\"noopener\" style=\"color: #000000; text-decoration: underline;\"><span>Journal de la Recherche Nr. 6, Manufaktur, Lausanne, Januar 2025<\/span><\/a><\/span><span style=\"text-decoration: underline;\"><span><\/span><\/span><\/span><\/p>\n<p><span style=\"text-decoration: underline; color: #000000;\"><a href=\"https:\/\/tatenbank.org\/article\/244\" target=\"_blank\" rel=\"noopener\" style=\"color: #000000; text-decoration: underline;\"><span>Gr\u00fcn in die Zukunft, Tatenbank, Januar 2025<\/span><\/a><\/span><\/p>\n<p id=\"h_5025917281071739808697484\"><span style=\"color: #000000;\"><a href=\"https:\/\/tatenbank.org\/article\/244\" target=\"_blank\" rel=\"noreferrer nofollow noopener\" style=\"color: #000000;\"><\/a><\/span><\/p>\n<h3><\/h3>\n<h3><\/h3>\n<h1><span style=\"color: #000000;\">VIDEOS<\/span><\/h1>\n<p><span style=\"color: #000000;\">Eine Performance, die w\u00e4hrend der Sommerschule 2024 entstand:  <\/span><\/p>\n<p><span style=\"color: #000000;\">  &#8222;<a href=\"https:\/\/www.lerjentours.ch\/a-wooden-floor-walk\/\" target=\"_blank\" rel=\"noopener\" style=\"color: #000000;\"> A Wooden Floor Walk&#8220;<\/a> (2&#8217;35&#8220;), Marie-Anne Lerjen  <\/span><\/p>\n<h3><\/h3>\n<h3><\/h3>\n<h3><\/h3>\n<p>[\/et_pb_text][\/et_pb_column][et_pb_column type=&#8220;1_2&#8243; _builder_version=&#8220;4.20.0&#8243; _module_preset=&#8220;default&#8220; global_colors_info=&#8220;{}&#8220;][et_pb_image src=&#8220;https:\/\/malvaux.net\/wp-content\/uploads\/2024\/05\/Screenshot-2024-05-04-at-15.13.09.png&#8220; title_text=&#8220;Gregory Stauffer&#8220; _builder_version=&#8220;4.25.0&#8243; _module_preset=&#8220;default&#8220; global_colors_info=&#8220;{}&#8220;][\/et_pb_image][et_pb_divider show_divider=&#8220;off&#8220; _builder_version=&#8220;4.25.0&#8243; _module_preset=&#8220;default&#8220; global_colors_info=&#8220;{}&#8220;][\/et_pb_divider][\/et_pb_column][\/et_pb_row][\/et_pb_section]<\/p>\n","protected":false},"excerpt":{"rendered":"<p>DOKUMENTATIONSZENTRUM SUMMER SCHOOL #225-29.08.2025 Wald von Malvaux, Biel\/Bienne Teilnehmer: Marie-Anne Lerjen, Ondine Cloez, Simone Truong, Dafni Stefanou, Belinda Winkelmann, Lea Fulton, Nate Yaffe, Emma F\u00e4lt, Simona Ferrar, Roxanne Schultz, Thea Spiri, Giulia Sorenzi SUMMER SCHOOL #119-23.08.2024 Wald von Malvaux, Biel\/Bienne Teilnehmer: Nathalie Dubath, Laure Jolissaint, Dafni Stefanou, Adina Secretan, Belinda Winkelman, Nicolas Dutour, Catarina Marques, [&hellip;]<\/p>\n","protected":false},"author":1,"featured_media":0,"parent":2046,"menu_order":0,"comment_status":"closed","ping_status":"closed","template":"","meta":{"_et_pb_use_builder":"on","_et_pb_old_content":"","_et_gb_content_width":"","footnotes":""},"class_list":["post-2056","page","type-page","status-publish","hentry"],"_links":{"self":[{"href":"https:\/\/malvaux.net\/de\/wp-json\/wp\/v2\/pages\/2056","targetHints":{"allow":["GET"]}}],"collection":[{"href":"https:\/\/malvaux.net\/de\/wp-json\/wp\/v2\/pages"}],"about":[{"href":"https:\/\/malvaux.net\/de\/wp-json\/wp\/v2\/types\/page"}],"author":[{"embeddable":true,"href":"https:\/\/malvaux.net\/de\/wp-json\/wp\/v2\/users\/1"}],"replies":[{"embeddable":true,"href":"https:\/\/malvaux.net\/de\/wp-json\/wp\/v2\/comments?post=2056"}],"version-history":[{"count":15,"href":"https:\/\/malvaux.net\/de\/wp-json\/wp\/v2\/pages\/2056\/revisions"}],"predecessor-version":[{"id":2443,"href":"https:\/\/malvaux.net\/de\/wp-json\/wp\/v2\/pages\/2056\/revisions\/2443"}],"up":[{"embeddable":true,"href":"https:\/\/malvaux.net\/de\/wp-json\/wp\/v2\/pages\/2046"}],"wp:attachment":[{"href":"https:\/\/malvaux.net\/de\/wp-json\/wp\/v2\/media?parent=2056"}],"curies":[{"name":"wp","href":"https:\/\/api.w.org\/{rel}","templated":true}]}}