{"id":2188,"date":"2025-02-17T16:24:02","date_gmt":"2025-02-17T15:24:02","guid":{"rendered":"https:\/\/malvaux.net\/?page_id=2188"},"modified":"2025-10-01T13:48:50","modified_gmt":"2025-10-01T11:48:50","slug":"offentliche-workshops","status":"publish","type":"page","link":"https:\/\/malvaux.net\/de\/home\/offentliche-workshops\/","title":{"rendered":"\u00d6FFENTLICHE WORKSHOPS"},"content":{"rendered":"<p>[et_pb_section fb_built=&#8220;1&#8243; admin_label=&#8220;Header&#8220; _builder_version=&#8220;4.25.0&#8243; _module_preset=&#8220;default&#8220; background_color=&#8220;#FFFFFF&#8220; background_enable_image=&#8220;off&#8220; background_blend=&#8220;multiply&#8220; background_color_phone=&#8220;#000000&#8243; background_last_edited=&#8220;off|desktop&#8220; background_enable_color_phone=&#8220;on&#8220; use_background_color_gradient_phone=&#8220;off&#8220; parallax_phone=&#8220;off&#8220; background_size_phone=&#8220;cover&#8220; background_position_phone=&#8220;center&#8220; collapsed=&#8220;on&#8220; global_colors_info=&#8220;{}&#8220;][et_pb_row _builder_version=&#8220;4.20.0&#8243; _module_preset=&#8220;default&#8220; custom_margin=&#8220;|auto|12px|auto||&#8220; global_colors_info=&#8220;{}&#8220;][et_pb_column type=&#8220;4_4&#8243; _builder_version=&#8220;4.20.0&#8243; _module_preset=&#8220;default&#8220; global_colors_info=&#8220;{}&#8220;][et_pb_text _builder_version=&#8220;4.25.0&#8243; _module_preset=&#8220;_initial&#8220; text_font=&#8220;&#8211;et_global_body_font||||||||&#8220; header_font=&#8220;&#8211;et_global_heading_font|||on|||||&#8220; header_text_align=&#8220;center&#8220; header_font_size=&#8220;75px&#8220; header_letter_spacing=&#8220;0.2em&#8220; header_line_height=&#8220;1.2em&#8220; text_orientation=&#8220;justified&#8220; min_height=&#8220;84.6px&#8220; custom_margin=&#8220;||-21px|||&#8220; custom_padding=&#8220;50px||5px|||&#8220; header_font_size_tablet=&#8220;40px&#8220; header_font_size_phone=&#8220;24px&#8220; header_font_size_last_edited=&#8220;on|desktop&#8220; text_orientation_tablet=&#8220;justified&#8220; text_orientation_phone=&#8220;justified&#8220; text_orientation_last_edited=&#8220;on|desktop&#8220; global_colors_info=&#8220;{}&#8220;]<\/p>\n<h1>MOVE WITH THE PLANTS<\/h1>\n<p>[\/et_pb_text][et_pb_divider show_divider=&#8220;off&#8220; _builder_version=&#8220;4.25.0&#8243; _module_preset=&#8220;default&#8220; global_colors_info=&#8220;{}&#8220;][\/et_pb_divider][et_pb_text _builder_version=&#8220;4.25.0&#8243; _module_preset=&#8220;_initial&#8220; text_font=&#8220;&#8211;et_global_body_font||on||||||&#8220; text_text_color=&#8220;#000000&#8243; text_font_size=&#8220;30px&#8220; header_font=&#8220;&#8211;et_global_heading_font||on||||||&#8220; header_text_align=&#8220;center&#8220; header_font_size=&#8220;40px&#8220; text_orientation=&#8220;justified&#8220; min_height=&#8220;75px&#8220; custom_margin=&#8220;3px||6px|||&#8220; header_font_size_tablet=&#8220;25px&#8220; header_font_size_phone=&#8220;15px&#8220; header_font_size_last_edited=&#8220;on|desktop&#8220; header_letter_spacing_tablet=&#8220;&#8220; header_letter_spacing_phone=&#8220;&#8220; header_letter_spacing_last_edited=&#8220;on|desktop&#8220; text_orientation_tablet=&#8220;justified&#8220; text_orientation_phone=&#8220;justified&#8220; text_orientation_last_edited=&#8220;on|desktop&#8220; inline_fonts=&#8220;BIZ UDPMincho,Noto Serif&#8220; global_colors_info=&#8220;{}&#8220;]<\/p>\n<h2 style=\"text-align: center;\">Tanz und Heilpflanzen im Jahreszyklus mit Belinda Winkelmann. <\/h2>\n<h2 style=\"text-align: center;\">\u00d6ffentliche Workshops in Malvaux &#8211; Zentrum f\u00fcr \u00f6kosomatische Erforschung im Wald, Biel\/Bienne.<\/h2>\n<p>[\/et_pb_text][et_pb_text _builder_version=&#8220;4.25.0&#8243; _module_preset=&#8220;_initial&#8220; text_font=&#8220;&#8211;et_global_body_font||||||||&#8220; text_font_size=&#8220;16px&#8220; header_font=&#8220;&#8211;et_global_heading_font|||on|||||&#8220; header_text_align=&#8220;center&#8220; header_font_size=&#8220;40px&#8220; text_orientation=&#8220;justified&#8220; min_height=&#8220;123px&#8220; custom_margin=&#8220;3px||6px|||&#8220; header_font_size_tablet=&#8220;25px&#8220; header_font_size_phone=&#8220;15px&#8220; header_font_size_last_edited=&#8220;on|desktop&#8220; header_letter_spacing_tablet=&#8220;&#8220; header_letter_spacing_phone=&#8220;&#8220; header_letter_spacing_last_edited=&#8220;on|desktop&#8220; text_orientation_tablet=&#8220;justified&#8220; text_orientation_phone=&#8220;justified&#8220; text_orientation_last_edited=&#8220;on|desktop&#8220; global_colors_info=&#8220;{}&#8220;]<\/p>\n<p style=\"text-align: center;\">Im Laufe des Jahres finden vier Wochenend-Workshops statt. Gemeinsam erkunden wir die Verbindung zwischen K\u00f6rper und bestimmten Pflanzen, wobei jede Jahreszeit besondere Pflanzen in den Mittelpunkt stellt. Diese entdecken wir mit allen Sinnen und erforschen sie durch Bewegung und Tanz. Ein zentraler Aspekt dabei ist die intuitive Ann\u00e4herung an die Heilpflanzen \u2013 wir lassen uns von unseren inneren Impulsen leiten, nehmen die Pflanzen in ihrer feinen Pr\u00e4senz wahr und vertiefen unsere Beziehung zu ihnen auf einer sinnlichen und k\u00fcnstlerischen Ebene. Mit der Workshop-Reihe Move with the Plants schaffen wir eine bewusste Verbindung zwischen Heilpflanzen, Intuition und Tanz, sodass die Rhythmen der Jahreszeiten unmittelbar erfahrbar werden. Gemeinsam erkunden wir die Vitalit\u00e4t des Fr\u00fchlings, die F\u00fclle des Sommers, die Reflexion des Herbstes und die Visionen des Winters.    <\/p>\n<p style=\"text-align: center;\">\n<p>[\/et_pb_text][et_pb_text _builder_version=&#8220;4.25.0&#8243; _module_preset=&#8220;_initial&#8220; text_font=&#8220;&#8211;et_global_body_font|&#8211;et_global_body_font_weight|||||||&#8220; header_font=&#8220;&#8211;et_global_heading_font|||on|||||&#8220; header_text_align=&#8220;center&#8220; header_font_size=&#8220;40px&#8220; text_orientation=&#8220;justified&#8220; min_height=&#8220;143px&#8220; custom_margin=&#8220;3px||-1px|||&#8220; custom_padding=&#8220;||0px|||&#8220; hover_enabled=&#8220;0&#8243; header_font_size_tablet=&#8220;25px&#8220; header_font_size_phone=&#8220;15px&#8220; header_font_size_last_edited=&#8220;on|desktop&#8220; header_letter_spacing_tablet=&#8220;&#8220; header_letter_spacing_phone=&#8220;&#8220; header_letter_spacing_last_edited=&#8220;on|desktop&#8220; text_orientation_tablet=&#8220;justified&#8220; text_orientation_phone=&#8220;justified&#8220; text_orientation_last_edited=&#8220;on|desktop&#8220; global_colors_info=&#8220;{}&#8220; sticky_enabled=&#8220;0&#8243;]<\/p>\n<h2 style=\"text-align: center;\"><span xmlns=\"http:\/\/www.w3.org\/1999\/xhtml\" style=\"background-color: #ffffff;\"><\/span><\/h2>\n<h2 style=\"text-align: center;\"><span style=\"background-color: #ffffff;\">Das n\u00e4chste Wochenende findet statt am <\/span><span dir=\"ltr\">11. und 12. Oktober<\/span><\/h2>\n<h2 style=\"text-align: center;\"><span xmlns=\"http:\/\/www.w3.org\/1999\/xhtml\" style=\"background-color: #ffffff;\"><\/span><span xmlns=\"http:\/\/www.w3.org\/1999\/xhtml\" style=\"background-color: #ffffff;\">PRIX LIBRE (empfohlen 70.- f\u00fcr einen Tag und 120.- f\u00fcr zwei Tage)<\/span><\/h2>\n<h2 style=\"text-align: center;\"><span xmlns=\"http:\/\/www.w3.org\/1999\/xhtml\" style=\"background-color: #ffffff;\">Treffpunkt: Bushaltestelle RIED, Bus 8, Biel\/Bienne<\/span><\/h2>\n<p><span xmlns=\"http:\/\/www.w3.org\/1999\/xhtml\" style=\"background-color: #ffffff;\"><\/span><\/p>\n<h2 style=\"text-align: center;\"><span xmlns=\"http:\/\/www.w3.org\/1999\/xhtml\" style=\"background-color: #ffffff; font-size: medium;\"><\/span><\/h2>\n<h4 style=\"text-align: center;\"><span xmlns=\"http:\/\/www.w3.org\/1999\/xhtml\" style=\"background-color: #ffffff; font-size: medium;\">Anmeldung und weitere Informationen:  <\/span><\/h4>\n<h4 style=\"text-align: center;\"><span xmlns=\"http:\/\/www.w3.org\/1999\/xhtml\" style=\"background-color: #ffffff; font-size: medium;\">Belinda Winkelmann-<a href=\"mailto:belinda.winkelmann@gmail.com\"> belinda.winkelmann@gmail.com<\/a>  <\/span><\/h4>\n<p><span xmlns=\"http:\/\/www.w3.org\/1999\/xhtml\" style=\"background-color: #ffffff;\"><\/span><\/p>\n<p>[\/et_pb_text][\/et_pb_column][\/et_pb_row][et_pb_row column_structure=&#8220;1_2,1_2&#8243; custom_padding_last_edited=&#8220;on|tablet&#8220; _builder_version=&#8220;4.20.0&#8243; _module_preset=&#8220;default&#8220; background_color=&#8220;#000000&#8243; custom_padding=&#8220;92px|80px|92px|80px|true|true&#8220; custom_padding_tablet=&#8220;40px|40px|40px|40px|true|true&#8220; custom_padding_phone=&#8220;10px|20px|10px|20px|true|true&#8220; global_colors_info=&#8220;{}&#8220;][et_pb_column type=&#8220;1_2&#8243; _builder_version=&#8220;4.20.0&#8243; _module_preset=&#8220;default&#8220; global_colors_info=&#8220;{}&#8220;][et_pb_text _builder_version=&#8220;4.25.0&#8243; _module_preset=&#8220;_initial&#8220; text_text_color=&#8220;#FFFFFF&#8220; text_font_size=&#8220;16px&#8220; text_orientation=&#8220;justified&#8220; custom_padding=&#8220;32px|||||&#8220; text_font_size_tablet=&#8220;15px&#8220; text_font_size_phone=&#8220;12px&#8220; text_font_size_last_edited=&#8220;on|desktop&#8220; text_line_height_tablet=&#8220;&#8220; text_line_height_phone=&#8220;&#8220; text_line_height_last_edited=&#8220;on|desktop&#8220; global_colors_info=&#8220;{}&#8220;]<\/p>\n<div>\n<p><em>Programm  <\/em><\/p>\n<p>Somatische und sensorische Erfahrungen: Wir erleben gemeinsam die Dynamik der Jahreszeiten im K\u00f6rper und lassen uns von den Pflanzen inspirieren. Dabei steht die intuitive Wahrnehmung im Zentrum \u2013 wir h\u00f6ren auf die feinen Botschaften der Natur und unseres eigenen K\u00f6rpers.<\/p>\n<p>Tanz und Kunst in der Natur: Durch Tanz und k\u00fcnstlerische Aktionen in der Natur erschaffen wir Momente, die wir in Form von spontanen Performances oder Naturkunstwerken festhalten.<\/p>\n<p>Keltische Traditionen: Wir lassen uns von Ritualen und Weisheiten inspirieren, die unsere Beziehung zur Natur vertiefen und die Jahreskreisfeste feiern.<\/p>\n<p>Die Workshops bieten Raum f\u00fcr pers\u00f6nliche Erfahrungen, intuitive Prozesse und kreative Gruppenarbeit.<\/p>\n<p>Die Reihe wird von Belinda Winkelmann geleitet, die von einer Person aus dem Team von Malvaux begleitet wird. Jedes Wochenende kann selbst\u00e4ndig besucht werden, Anmeldung f\u00fcr ein oder mehrere Wochenenden ist m\u00f6glich. <\/p>\n<p>&nbsp;<\/p>\n<p><em>Gastdozentin <\/em><\/p>\n<p>Belinda Winkelmann ist freischaffende Choreografin und Performerin. Neben der Realisierung von Tanzproduktionen unterrichtet sie Tanz und somatische Praxis. Mit einer Ausbildung in Tanz, Improvisation &amp; Performance bei bewegungs-art Freiburg DE sowie einem M.A. in Sozialwissenschaft (Freiburg CH) verbindet Belinda Winkelmann Choreografie, Tanz, Improvisation, somatische Praxis sowie Kommunikation und Vermittlung auf kreative Weise. Von 2018-2022 entwickelte sie als twOne Company mit Ewelina Kotwa Tanzproduktionen, deren choreographische Handschrift eine radikal-reduzierte \u00c4sthetik mit poetischer Ausdruckskraft verbindet. Als Gr\u00fcndungsmitglied von com.dance e.V. choreografiert sie seit 2018 mixedabled Tanzperformances und entwickelt Vermittlungsformate f\u00fcr professionelle Kunstschaffende sowie Akteur*innen verschiedener gesellschaftlicher Bereiche.    <\/p>\n<p>Die Kollaboration mit dem T\u00e4nzer und Choreografen Ra\u00fal Mart\u00ednez begann 2021 und wurzelt in einem gemeinsamen Interesse an einer tiefgr\u00fcndigen Auseinandersetzung mit gesellschaftlichen, \u00f6kologischen und neokolonialistischen Themen. Sie glaubt, dass Kunst ein tiefes menschliches Bed\u00fcrfnis ist und dass Tanz Bewusstsein schaffen und gesellschaftliche Ver\u00e4nderungen inspirieren kann. Ihr k\u00fcnstlerisches Schaffen kreist um das Verh\u00e4ltnis von Mensch und Natur. Sie m\u00f6chte dazu anregen, sich als Teil eines gr\u00f6\u00dferen Ganzen wahrzunehmen.   <\/p>\n<p><a href=\"https:\/\/www.belindawinkelmann.com\/\">https:\/\/www.belindawinkelmann.com\/<\/a><\/p>\n<\/div>\n<p>[\/et_pb_text][et_pb_text _builder_version=&#8220;4.25.0&#8243; _module_preset=&#8220;_initial&#8220; text_text_color=&#8220;#FFFFFF&#8220; text_font_size=&#8220;16px&#8220; text_orientation=&#8220;justified&#8220; custom_padding=&#8220;32px|||||&#8220; text_font_size_tablet=&#8220;15px&#8220; text_font_size_phone=&#8220;12px&#8220; text_font_size_last_edited=&#8220;on|desktop&#8220; text_line_height_tablet=&#8220;&#8220; text_line_height_phone=&#8220;&#8220; text_line_height_last_edited=&#8220;on|desktop&#8220; global_colors_info=&#8220;{}&#8220;]<\/p>\n<p>&nbsp;<\/p>\n<div><\/div>\n<div>\n<p><em>F\u00fcr wen ist es geeignet?<\/em><\/p>\n<p>Die Praxis-Wochenenden richten sich an alle Interessierten, die bereits Erfahrung in Bewegungspraxis haben.<\/p>\n<p>&nbsp;<\/p>\n<p><em>Termine, Zeiten und Preise<\/em><\/p>\n<p><em>Herbstwochenende<\/em><\/p>\n<p>11.-12. Oktober 2025 von 10:00 &#8211; 16:00 Uhr<\/p>\n<p>PRIX LIBRE (empfohlen 70.- f\u00fcr einen Tag und 120.- f\u00fcr beide Tage)<\/p>\n<p>Anmeldeschluss: 4. Oktober 2025<\/p>\n<p>&nbsp;<\/p>\n<p><em>Winterwochenende<\/em><\/p>\n<p>10-11 Januar 2026 von 11:00 &#8211; 16:00 Uhr<\/p>\n<p>PRIX LIBRE<\/p>\n<p>Anmeldeschluss: 3. Januar 2026<\/p>\n<p>&nbsp;<\/p>\n<p><em>Treffpunkt:<\/em> Bushaltestelle Ried, Bus 8 in Biel\/Bienne (vom Bahnhof aus Richtung Fuchsenried)<\/p>\n<p>&nbsp;<\/p>\n<p><em>Ausr\u00fcstung<br \/>Bitte bringen Sie Kleidung mit, die bequem f\u00fcr die Bewegung ist und der Jahreszeit und dem Wetter entsprechend angemessen ist. Bitte bringen Sie einen Picknickkorb und Wasser sowie ein Notizbuch und etwas zum Schreiben und Zeichnen mit.<\/em> <\/p>\n<p>&nbsp;<\/p>\n<p><g id=\"gid_0\">Weitere Informationen und Anmeldung:<\/g><br \/>Belinda Winkelmann- <g id=\"gid_1\">belinda.winkelmann@gmail.com<\/g><\/p>\n<\/div>\n<p>[\/et_pb_text][et_pb_divider show_divider=&#8220;off&#8220; _builder_version=&#8220;4.25.0&#8243; _module_preset=&#8220;default&#8220; global_colors_info=&#8220;{}&#8220;][\/et_pb_divider][\/et_pb_column][et_pb_column type=&#8220;1_2&#8243; _builder_version=&#8220;4.20.0&#8243; _module_preset=&#8220;default&#8220; global_colors_info=&#8220;{}&#8220;][et_pb_image src=&#8220;https:\/\/malvaux.net\/wp-content\/uploads\/2025\/02\/move_plants_1.png&#8220; title_text=&#8220;move_plants_1&#8243; show_bottom_space=&#8220;off&#8220; align_last_edited=&#8220;off|desktop&#8220; _builder_version=&#8220;4.25.0&#8243; _module_preset=&#8220;default&#8220; global_colors_info=&#8220;{}&#8220;][\/et_pb_image][et_pb_divider show_divider=&#8220;off&#8220; _builder_version=&#8220;4.25.0&#8243; _module_preset=&#8220;default&#8220; global_colors_info=&#8220;{}&#8220;][\/et_pb_divider][et_pb_image src=&#8220;https:\/\/malvaux.net\/wp-content\/uploads\/2025\/02\/belinda_portait.png&#8220; title_text=&#8220;belinda_portait&#8220; _builder_version=&#8220;4.25.0&#8243; _module_preset=&#8220;default&#8220; global_colors_info=&#8220;{}&#8220;][\/et_pb_image][et_pb_image src=&#8220;https:\/\/malvaux.net\/wp-content\/uploads\/2025\/02\/move_with_plants_web_res.jpg&#8220; title_text=&#8220;move_with_plants_web_res&#8220; _builder_version=&#8220;4.25.0&#8243; _module_preset=&#8220;default&#8220; global_colors_info=&#8220;{}&#8220;][\/et_pb_image][et_pb_divider show_divider=&#8220;off&#8220; _builder_version=&#8220;4.25.0&#8243; _module_preset=&#8220;default&#8220; global_colors_info=&#8220;{}&#8220;][\/et_pb_divider][\/et_pb_column][\/et_pb_row][\/et_pb_section]<\/p>\n","protected":false},"excerpt":{"rendered":"<p>MOVE WITH THE PLANTSTanz und Heilpflanzen im Jahreszyklus mit Belinda Winkelmann. \u00d6ffentliche Workshops in Malvaux &#8211; Zentrum f\u00fcr \u00f6kosomatische Erforschung im Wald, Biel\/Bienne.Im Laufe des Jahres finden vier Wochenend-Workshops statt. Gemeinsam erkunden wir die Verbindung zwischen K\u00f6rper und bestimmten Pflanzen, wobei jede Jahreszeit besondere Pflanzen in den Mittelpunkt stellt. Diese entdecken wir mit allen Sinnen [&hellip;]<\/p>\n","protected":false},"author":1,"featured_media":0,"parent":2046,"menu_order":0,"comment_status":"closed","ping_status":"closed","template":"","meta":{"_et_pb_use_builder":"on","_et_pb_old_content":"","_et_gb_content_width":"","footnotes":""},"class_list":["post-2188","page","type-page","status-publish","hentry"],"_links":{"self":[{"href":"https:\/\/malvaux.net\/de\/wp-json\/wp\/v2\/pages\/2188","targetHints":{"allow":["GET"]}}],"collection":[{"href":"https:\/\/malvaux.net\/de\/wp-json\/wp\/v2\/pages"}],"about":[{"href":"https:\/\/malvaux.net\/de\/wp-json\/wp\/v2\/types\/page"}],"author":[{"embeddable":true,"href":"https:\/\/malvaux.net\/de\/wp-json\/wp\/v2\/users\/1"}],"replies":[{"embeddable":true,"href":"https:\/\/malvaux.net\/de\/wp-json\/wp\/v2\/comments?post=2188"}],"version-history":[{"count":11,"href":"https:\/\/malvaux.net\/de\/wp-json\/wp\/v2\/pages\/2188\/revisions"}],"predecessor-version":[{"id":2389,"href":"https:\/\/malvaux.net\/de\/wp-json\/wp\/v2\/pages\/2188\/revisions\/2389"}],"up":[{"embeddable":true,"href":"https:\/\/malvaux.net\/de\/wp-json\/wp\/v2\/pages\/2046"}],"wp:attachment":[{"href":"https:\/\/malvaux.net\/de\/wp-json\/wp\/v2\/media?parent=2188"}],"curies":[{"name":"wp","href":"https:\/\/api.w.org\/{rel}","templated":true}]}}